{"id":9,"date":"2026-03-02T08:47:49","date_gmt":"2026-03-02T07:47:49","guid":{"rendered":"https:\/\/site17.monsitecommeunpro.fr\/?page_id=9"},"modified":"2026-03-23T14:03:36","modified_gmt":"2026-03-23T13:03:36","slug":"page-daccueil","status":"publish","type":"page","link":"https:\/\/site17.monsitecommeunpro.fr\/","title":{"rendered":""},"content":{"rendered":"\n<p>Articles de Saison<\/p>\n\n\n\n<div class=\"wp-block-cover\"><span aria-hidden=\"true\" class=\"wp-block-cover__background has-ast-global-color-4-background-color has-background-dim-100 has-background-dim\"><\/span><div class=\"wp-block-cover__inner-container is-layout-constrained wp-block-cover-is-layout-constrained\">\n<p class=\"has-text-align-center has-large-font-size\">FERMETURE EXCEPTIONNELLE <\/p>\n\n\n\n<p class=\"has-text-align-center has-large-font-size\">DU 14 AU 17 MAI.<\/p>\n<\/div><\/div>\n\n\n\n<figure class=\"wp-block-gallery has-nested-images columns-default is-cropped wp-block-gallery-1 is-layout-flex wp-block-gallery-is-layout-flex\">\n<figure class=\"wp-block-image size-large\"><img loading=\"lazy\" decoding=\"async\" width=\"946\" height=\"1024\" data-id=\"86\" src=\"https:\/\/site17.monsitecommeunpro.fr\/wp-content\/uploads\/2026\/03\/M0455CSRQM66M_SBG_E01-1-946x1024.webp\" alt=\"\" class=\"wp-image-86\" srcset=\"https:\/\/site17.monsitecommeunpro.fr\/wp-content\/uploads\/2026\/03\/M0455CSRQM66M_SBG_E01-1-946x1024.webp 946w, https:\/\/site17.monsitecommeunpro.fr\/wp-content\/uploads\/2026\/03\/M0455CSRQM66M_SBG_E01-1-277x300.webp 277w, https:\/\/site17.monsitecommeunpro.fr\/wp-content\/uploads\/2026\/03\/M0455CSRQM66M_SBG_E01-1-768x831.webp 768w, https:\/\/site17.monsitecommeunpro.fr\/wp-content\/uploads\/2026\/03\/M0455CSRQM66M_SBG_E01-1-1420x1536.webp 1420w, https:\/\/site17.monsitecommeunpro.fr\/wp-content\/uploads\/2026\/03\/M0455CSRQM66M_SBG_E01-1.webp 1536w\" sizes=\"auto, (max-width: 946px) 100vw, 946px\" \/><\/figure>\n\n\n\n<figure class=\"wp-block-image size-large\"><a href=\"https:\/\/www.dior.com\/fr_fr\/fashion\/products\/M0455CSRQ_M66M\" target=\"_blank\" rel=\" noreferrer noopener\"><img loading=\"lazy\" decoding=\"async\" width=\"900\" height=\"900\" data-id=\"87\" src=\"https:\/\/site17.monsitecommeunpro.fr\/wp-content\/uploads\/2026\/03\/velours-chocolat.jpeg\" alt=\"\" class=\"wp-image-87\" srcset=\"https:\/\/site17.monsitecommeunpro.fr\/wp-content\/uploads\/2026\/03\/velours-chocolat.jpeg 900w, https:\/\/site17.monsitecommeunpro.fr\/wp-content\/uploads\/2026\/03\/velours-chocolat-300x300.jpeg 300w, https:\/\/site17.monsitecommeunpro.fr\/wp-content\/uploads\/2026\/03\/velours-chocolat-150x150.jpeg 150w, https:\/\/site17.monsitecommeunpro.fr\/wp-content\/uploads\/2026\/03\/velours-chocolat-768x768.jpeg 768w\" sizes=\"auto, (max-width: 900px) 100vw, 900px\" \/><\/a><figcaption class=\"wp-element-caption\"><strong><mark style=\"background-color:rgba(0, 0, 0, 0)\" class=\"has-inline-color has-ast-global-color-4-color\">L&rsquo;iconique sac Saddle se distingue par son design l\u00e9gendaire. Ce mod\u00e8le en ch\u00e8vre velours chocolat poss\u00e8de un rabat Saddle rehauss\u00e9 d&rsquo;un fermoir \u00e9trier D en m\u00e9tal dor\u00e9 vieilli, avec lani\u00e8re aimant\u00e9e, et de la signature CD en m\u00e9tal dor\u00e9 vieilli, de chaque c\u00f4t\u00e9 de la anse. Dot\u00e9 d&rsquo;une fine bandouli\u00e8re ajustable et amovible, ce sac Saddle pourra \u00eatre port\u00e9 \u00e0 la main, \u00e0 l&rsquo;\u00e9paule ou crossbody.<br><\/mark><\/strong><br><br><br><br><br><br><br><br><br><br><\/figcaption><\/figure>\n<\/figure>\n\n\n\n<figure class=\"wp-block-gallery has-nested-images columns-default is-cropped wp-block-gallery-2 is-layout-flex wp-block-gallery-is-layout-flex\">\n<figure class=\"wp-block-image size-large\"><img loading=\"lazy\" decoding=\"async\" width=\"1024\" height=\"1024\" data-id=\"94\" src=\"https:\/\/site17.monsitecommeunpro.fr\/wp-content\/uploads\/2026\/03\/beige-fonce-1024x1024.jpg\" alt=\"\" class=\"wp-image-94\" srcset=\"https:\/\/site17.monsitecommeunpro.fr\/wp-content\/uploads\/2026\/03\/beige-fonce-1024x1024.jpg 1024w, https:\/\/site17.monsitecommeunpro.fr\/wp-content\/uploads\/2026\/03\/beige-fonce-300x300.jpg 300w, https:\/\/site17.monsitecommeunpro.fr\/wp-content\/uploads\/2026\/03\/beige-fonce-150x150.jpg 150w, https:\/\/site17.monsitecommeunpro.fr\/wp-content\/uploads\/2026\/03\/beige-fonce-768x768.jpg 768w, https:\/\/site17.monsitecommeunpro.fr\/wp-content\/uploads\/2026\/03\/beige-fonce.jpg 1200w\" sizes=\"auto, (max-width: 1024px) 100vw, 1024px\" \/><figcaption class=\"wp-element-caption\"><br><br><br><br><br><br><br><strong><mark style=\"background-color:rgba(0, 0, 0, 0)\" class=\"has-inline-color has-ast-global-color-4-color\">Imagin\u00e9e comme une conversation avec Gabrielle Chanel, la premi\u00e8re collection de Matthieu Blazy pour CHANEL puise dans l\u2019essence des codes de la Maison et pose les fondations d\u2019une garde-robe en mouvement.<br><\/mark><br><\/strong><br><br><br><br><br><br><br><br><br><br><\/figcaption><\/figure>\n\n\n\n<figure class=\"wp-block-image size-large\"><img loading=\"lazy\" decoding=\"async\" width=\"1024\" height=\"701\" data-id=\"93\" src=\"https:\/\/site17.monsitecommeunpro.fr\/wp-content\/uploads\/2026\/03\/Image-04-03-2026-a-09.35-1024x701.jpeg\" alt=\"\" class=\"wp-image-93\" srcset=\"https:\/\/site17.monsitecommeunpro.fr\/wp-content\/uploads\/2026\/03\/Image-04-03-2026-a-09.35-1024x701.jpeg 1024w, https:\/\/site17.monsitecommeunpro.fr\/wp-content\/uploads\/2026\/03\/Image-04-03-2026-a-09.35-300x205.jpeg 300w, https:\/\/site17.monsitecommeunpro.fr\/wp-content\/uploads\/2026\/03\/Image-04-03-2026-a-09.35-768x526.jpeg 768w, https:\/\/site17.monsitecommeunpro.fr\/wp-content\/uploads\/2026\/03\/Image-04-03-2026-a-09.35.jpeg 1256w\" sizes=\"auto, (max-width: 1024px) 100vw, 1024px\" \/><\/figure>\n<\/figure>\n\n\n\n<figure class=\"wp-block-gallery has-nested-images columns-default is-cropped wp-block-gallery-3 is-layout-flex wp-block-gallery-is-layout-flex\">\n<figure class=\"wp-block-image size-large\"><img loading=\"lazy\" decoding=\"async\" width=\"1024\" height=\"732\" data-id=\"96\" src=\"https:\/\/site17.monsitecommeunpro.fr\/wp-content\/uploads\/2026\/03\/Image-04-03-2026-a-09.40-1024x732.jpeg\" alt=\"\" class=\"wp-image-96\" srcset=\"https:\/\/site17.monsitecommeunpro.fr\/wp-content\/uploads\/2026\/03\/Image-04-03-2026-a-09.40-1024x732.jpeg 1024w, https:\/\/site17.monsitecommeunpro.fr\/wp-content\/uploads\/2026\/03\/Image-04-03-2026-a-09.40-300x214.jpeg 300w, https:\/\/site17.monsitecommeunpro.fr\/wp-content\/uploads\/2026\/03\/Image-04-03-2026-a-09.40-768x549.jpeg 768w, https:\/\/site17.monsitecommeunpro.fr\/wp-content\/uploads\/2026\/03\/Image-04-03-2026-a-09.40-1536x1097.jpeg 1536w, https:\/\/site17.monsitecommeunpro.fr\/wp-content\/uploads\/2026\/03\/Image-04-03-2026-a-09.40.jpeg 1632w\" sizes=\"auto, (max-width: 1024px) 100vw, 1024px\" \/><\/figure>\n\n\n\n<figure class=\"wp-block-image size-large\"><img loading=\"lazy\" decoding=\"async\" width=\"599\" height=\"600\" data-id=\"98\" src=\"https:\/\/site17.monsitecommeunpro.fr\/wp-content\/uploads\/2026\/03\/cuir-creme.jpg\" alt=\"\" class=\"wp-image-98\" srcset=\"https:\/\/site17.monsitecommeunpro.fr\/wp-content\/uploads\/2026\/03\/cuir-creme.jpg 599w, https:\/\/site17.monsitecommeunpro.fr\/wp-content\/uploads\/2026\/03\/cuir-creme-300x300.jpg 300w, https:\/\/site17.monsitecommeunpro.fr\/wp-content\/uploads\/2026\/03\/cuir-creme-150x150.jpg 150w\" sizes=\"auto, (max-width: 599px) 100vw, 599px\" \/><figcaption class=\"wp-element-caption\"><br><mark style=\"background-color:rgba(0, 0, 0, 0)\" class=\"has-inline-color has-ast-global-color-4-color\"><br><strong>Silhouette classique de la Maison, ce sac Speedy Bandouli\u00e8re 20 se d\u00e9cline en cuir Monogram Empreinte avec une doublure en microfibre de couleur cr\u00e8me \u00e0 l&rsquo;\u00e9l\u00e9gance intemporelle. Les lignes caract\u00e9ristiques de ce mod\u00e8le et ses deux poign\u00e9es \u00e9voquent les sacs de voyage Louis Vuitton du d\u00e9but du 20e si\u00e8cle. Une bandouli\u00e8re amovible en cha\u00eene et cuir permet un port\u00e9 \u00e0 l&rsquo;\u00e9paule ou crois\u00e9.<\/strong><\/mark><strong><mark style=\"background-color:rgba(0, 0, 0, 0);color:#000000\" class=\"has-inline-color\"><br><\/mark><\/strong><br><br><br><br><br><br><br><br><br><br><\/figcaption><\/figure>\n<\/figure>\n\n\n\n<p><\/p>\n\n\n\n<p>Les Ind\u00e9modables<\/p>\n\n\n\n<figure class=\"wp-block-gallery has-nested-images columns-default is-cropped wp-block-gallery-4 is-layout-flex wp-block-gallery-is-layout-flex\">\n<figure class=\"wp-block-image size-large\"><img loading=\"lazy\" decoding=\"async\" width=\"800\" height=\"800\" data-id=\"101\" src=\"https:\/\/site17.monsitecommeunpro.fr\/wp-content\/uploads\/2026\/03\/tissu-simili-matelasse-noir.jpg\" alt=\"\" class=\"wp-image-101\" srcset=\"https:\/\/site17.monsitecommeunpro.fr\/wp-content\/uploads\/2026\/03\/tissu-simili-matelasse-noir.jpg 800w, https:\/\/site17.monsitecommeunpro.fr\/wp-content\/uploads\/2026\/03\/tissu-simili-matelasse-noir-300x300.jpg 300w, https:\/\/site17.monsitecommeunpro.fr\/wp-content\/uploads\/2026\/03\/tissu-simili-matelasse-noir-150x150.jpg 150w, https:\/\/site17.monsitecommeunpro.fr\/wp-content\/uploads\/2026\/03\/tissu-simili-matelasse-noir-768x768.jpg 768w\" sizes=\"auto, (max-width: 800px) 100vw, 800px\" \/><figcaption class=\"wp-element-caption\"><strong><mark style=\"background-color:rgba(0, 0, 0, 0)\" class=\"has-inline-color has-ast-global-color-4-color\">Premier sac CHANEL dot\u00e9 d&rsquo;un fermoir \u00e0 double C et d&rsquo;une bandouli\u00e8re en cha\u00eene entrelac\u00e9e de cuir, le sac 11.12 a donn\u00e9 naissance \u00e0 de nombreuses d\u00e9clinaisons classiques.<br><\/mark><\/strong><br><br><br><br><br><br><br><br><br><br><\/figcaption><\/figure>\n\n\n\n<figure class=\"wp-block-image size-large\"><img loading=\"lazy\" decoding=\"async\" width=\"1024\" height=\"723\" data-id=\"102\" src=\"https:\/\/site17.monsitecommeunpro.fr\/wp-content\/uploads\/2026\/03\/Image-04-03-2026-a-09.48-1024x723.jpeg\" alt=\"\" class=\"wp-image-102\" srcset=\"https:\/\/site17.monsitecommeunpro.fr\/wp-content\/uploads\/2026\/03\/Image-04-03-2026-a-09.48-1024x723.jpeg 1024w, https:\/\/site17.monsitecommeunpro.fr\/wp-content\/uploads\/2026\/03\/Image-04-03-2026-a-09.48-300x212.jpeg 300w, https:\/\/site17.monsitecommeunpro.fr\/wp-content\/uploads\/2026\/03\/Image-04-03-2026-a-09.48-768x542.jpeg 768w, https:\/\/site17.monsitecommeunpro.fr\/wp-content\/uploads\/2026\/03\/Image-04-03-2026-a-09.48.jpeg 1464w\" sizes=\"auto, (max-width: 1024px) 100vw, 1024px\" \/><\/figure>\n<\/figure>\n\n\n\n<p><\/p>\n","protected":false},"excerpt":{"rendered":"<p>Articles de Saison Les Ind\u00e9modables<\/p>\n","protected":false},"author":1,"featured_media":0,"parent":0,"menu_order":0,"comment_status":"closed","ping_status":"closed","template":"","meta":{"site-sidebar-layout":"no-sidebar","site-content-layout":"plain-container","ast-site-content-layout":"default","site-content-style":"default","site-sidebar-style":"default","ast-global-header-display":"","ast-banner-title-visibility":"","ast-main-header-display":"","ast-hfb-above-header-display":"","ast-hfb-below-header-display":"","ast-hfb-mobile-header-display":"","site-post-title":"","ast-breadcrumbs-content":"","ast-featured-img":"","footer-sml-layout":"","theme-transparent-header-meta":"enabled","adv-header-id-meta":"","stick-header-meta":"","header-above-stick-meta":"","header-main-stick-meta":"","header-below-stick-meta":"","astra-migrate-meta-layouts":"default","ast-page-background-enabled":"default","ast-page-background-meta":{"desktop":{"background-color":"var(--ast-global-color-5)","background-image":"","background-repeat":"repeat","background-position":"center center","background-size":"auto","background-attachment":"scroll","background-type":"","background-media":"","overlay-type":"","overlay-color":"","overlay-opacity":"","overlay-gradient":""},"tablet":{"background-color":"","background-image":"","background-repeat":"repeat","background-position":"center center","background-size":"auto","background-attachment":"scroll","background-type":"","background-media":"","overlay-type":"","overlay-color":"","overlay-opacity":"","overlay-gradient":""},"mobile":{"background-color":"","background-image":"","background-repeat":"repeat","background-position":"center center","background-size":"auto","background-attachment":"scroll","background-type":"","background-media":"","overlay-type":"","overlay-color":"","overlay-opacity":"","overlay-gradient":""}},"ast-content-background-meta":{"desktop":{"background-color":"var(--ast-global-color-4)","background-image":"","background-repeat":"repeat","background-position":"center center","background-size":"auto","background-attachment":"scroll","background-type":"","background-media":"","overlay-type":"","overlay-color":"","overlay-opacity":"","overlay-gradient":""},"tablet":{"background-color":"var(--ast-global-color-4)","background-image":"","background-repeat":"repeat","background-position":"center center","background-size":"auto","background-attachment":"scroll","background-type":"","background-media":"","overlay-type":"","overlay-color":"","overlay-opacity":"","overlay-gradient":""},"mobile":{"background-color":"var(--ast-global-color-4)","background-image":"","background-repeat":"repeat","background-position":"center center","background-size":"auto","background-attachment":"scroll","background-type":"","background-media":"","overlay-type":"","overlay-color":"","overlay-opacity":"","overlay-gradient":""}},"footnotes":""},"class_list":["post-9","page","type-page","status-publish","hentry"],"yoast_head":"<!-- This site is optimized with the Yoast SEO plugin v27.4 - https:\/\/yoast.com\/product\/yoast-seo-wordpress\/ -->\n<title>-<\/title>\n<meta name=\"robots\" content=\"index, follow, max-snippet:-1, max-image-preview:large, max-video-preview:-1\" \/>\n<link rel=\"canonical\" href=\"https:\/\/site17.monsitecommeunpro.fr\/\" \/>\n<meta property=\"og:locale\" content=\"fr_FR\" \/>\n<meta property=\"og:type\" content=\"article\" \/>\n<meta property=\"og:title\" content=\"-\" \/>\n<meta property=\"og:description\" content=\"Articles de Saison Les Ind\u00e9modables\" \/>\n<meta property=\"og:url\" content=\"https:\/\/site17.monsitecommeunpro.fr\/\" \/>\n<meta property=\"article:modified_time\" content=\"2026-03-23T13:03:36+00:00\" \/>\n<meta property=\"og:image\" content=\"https:\/\/site17.monsitecommeunpro.fr\/wp-content\/uploads\/2026\/03\/M0455CSRQM66M_SBG_E01-1.webp\" \/>\n\t<meta property=\"og:image:width\" content=\"1536\" \/>\n\t<meta property=\"og:image:height\" content=\"1662\" \/>\n\t<meta property=\"og:image:type\" content=\"image\/webp\" \/>\n<meta name=\"twitter:card\" content=\"summary_large_image\" \/>\n<meta name=\"twitter:label1\" content=\"Dur\u00e9e de lecture estim\u00e9e\" \/>\n\t<meta name=\"twitter:data1\" content=\"1 minute\" \/>\n<script type=\"application\/ld+json\" class=\"yoast-schema-graph\">{\"@context\":\"https:\\\/\\\/schema.org\",\"@graph\":[{\"@type\":\"WebPage\",\"@id\":\"https:\\\/\\\/site17.monsitecommeunpro.fr\\\/\",\"url\":\"https:\\\/\\\/site17.monsitecommeunpro.fr\\\/\",\"name\":\"-\",\"isPartOf\":{\"@id\":\"https:\\\/\\\/site17.monsitecommeunpro.fr\\\/#website\"},\"primaryImageOfPage\":{\"@id\":\"https:\\\/\\\/site17.monsitecommeunpro.fr\\\/#primaryimage\"},\"image\":{\"@id\":\"https:\\\/\\\/site17.monsitecommeunpro.fr\\\/#primaryimage\"},\"thumbnailUrl\":\"https:\\\/\\\/site17.monsitecommeunpro.fr\\\/wp-content\\\/uploads\\\/2026\\\/03\\\/M0455CSRQM66M_SBG_E01-1-946x1024.webp\",\"datePublished\":\"2026-03-02T07:47:49+00:00\",\"dateModified\":\"2026-03-23T13:03:36+00:00\",\"inLanguage\":\"fr-FR\",\"potentialAction\":[{\"@type\":\"ReadAction\",\"target\":[\"https:\\\/\\\/site17.monsitecommeunpro.fr\\\/\"]}]},{\"@type\":\"ImageObject\",\"inLanguage\":\"fr-FR\",\"@id\":\"https:\\\/\\\/site17.monsitecommeunpro.fr\\\/#primaryimage\",\"url\":\"https:\\\/\\\/site17.monsitecommeunpro.fr\\\/wp-content\\\/uploads\\\/2026\\\/03\\\/M0455CSRQM66M_SBG_E01-1.webp\",\"contentUrl\":\"https:\\\/\\\/site17.monsitecommeunpro.fr\\\/wp-content\\\/uploads\\\/2026\\\/03\\\/M0455CSRQM66M_SBG_E01-1.webp\",\"width\":1536,\"height\":1662},{\"@type\":\"WebSite\",\"@id\":\"https:\\\/\\\/site17.monsitecommeunpro.fr\\\/#website\",\"url\":\"https:\\\/\\\/site17.monsitecommeunpro.fr\\\/\",\"name\":\"\",\"description\":\"L&#039;\u00c9L\u00c9GANCE EN H\u00c9RITAGE\",\"potentialAction\":[{\"@type\":\"SearchAction\",\"target\":{\"@type\":\"EntryPoint\",\"urlTemplate\":\"https:\\\/\\\/site17.monsitecommeunpro.fr\\\/?s={search_term_string}\"},\"query-input\":{\"@type\":\"PropertyValueSpecification\",\"valueRequired\":true,\"valueName\":\"search_term_string\"}}],\"inLanguage\":\"fr-FR\"}]}<\/script>\n<!-- \/ Yoast SEO plugin. -->","yoast_head_json":{"title":"-","robots":{"index":"index","follow":"follow","max-snippet":"max-snippet:-1","max-image-preview":"max-image-preview:large","max-video-preview":"max-video-preview:-1"},"canonical":"https:\/\/site17.monsitecommeunpro.fr\/","og_locale":"fr_FR","og_type":"article","og_title":"-","og_description":"Articles de Saison Les Ind\u00e9modables","og_url":"https:\/\/site17.monsitecommeunpro.fr\/","article_modified_time":"2026-03-23T13:03:36+00:00","og_image":[{"width":1536,"height":1662,"url":"https:\/\/site17.monsitecommeunpro.fr\/wp-content\/uploads\/2026\/03\/M0455CSRQM66M_SBG_E01-1.webp","type":"image\/webp"}],"twitter_card":"summary_large_image","twitter_misc":{"Dur\u00e9e de lecture estim\u00e9e":"1 minute"},"schema":{"@context":"https:\/\/schema.org","@graph":[{"@type":"WebPage","@id":"https:\/\/site17.monsitecommeunpro.fr\/","url":"https:\/\/site17.monsitecommeunpro.fr\/","name":"-","isPartOf":{"@id":"https:\/\/site17.monsitecommeunpro.fr\/#website"},"primaryImageOfPage":{"@id":"https:\/\/site17.monsitecommeunpro.fr\/#primaryimage"},"image":{"@id":"https:\/\/site17.monsitecommeunpro.fr\/#primaryimage"},"thumbnailUrl":"https:\/\/site17.monsitecommeunpro.fr\/wp-content\/uploads\/2026\/03\/M0455CSRQM66M_SBG_E01-1-946x1024.webp","datePublished":"2026-03-02T07:47:49+00:00","dateModified":"2026-03-23T13:03:36+00:00","inLanguage":"fr-FR","potentialAction":[{"@type":"ReadAction","target":["https:\/\/site17.monsitecommeunpro.fr\/"]}]},{"@type":"ImageObject","inLanguage":"fr-FR","@id":"https:\/\/site17.monsitecommeunpro.fr\/#primaryimage","url":"https:\/\/site17.monsitecommeunpro.fr\/wp-content\/uploads\/2026\/03\/M0455CSRQM66M_SBG_E01-1.webp","contentUrl":"https:\/\/site17.monsitecommeunpro.fr\/wp-content\/uploads\/2026\/03\/M0455CSRQM66M_SBG_E01-1.webp","width":1536,"height":1662},{"@type":"WebSite","@id":"https:\/\/site17.monsitecommeunpro.fr\/#website","url":"https:\/\/site17.monsitecommeunpro.fr\/","name":"","description":"L&#039;\u00c9L\u00c9GANCE EN H\u00c9RITAGE","potentialAction":[{"@type":"SearchAction","target":{"@type":"EntryPoint","urlTemplate":"https:\/\/site17.monsitecommeunpro.fr\/?s={search_term_string}"},"query-input":{"@type":"PropertyValueSpecification","valueRequired":true,"valueName":"search_term_string"}}],"inLanguage":"fr-FR"}]}},"_links":{"self":[{"href":"https:\/\/site17.monsitecommeunpro.fr\/index.php?rest_route=\/wp\/v2\/pages\/9","targetHints":{"allow":["GET"]}}],"collection":[{"href":"https:\/\/site17.monsitecommeunpro.fr\/index.php?rest_route=\/wp\/v2\/pages"}],"about":[{"href":"https:\/\/site17.monsitecommeunpro.fr\/index.php?rest_route=\/wp\/v2\/types\/page"}],"author":[{"embeddable":true,"href":"https:\/\/site17.monsitecommeunpro.fr\/index.php?rest_route=\/wp\/v2\/users\/1"}],"replies":[{"embeddable":true,"href":"https:\/\/site17.monsitecommeunpro.fr\/index.php?rest_route=%2Fwp%2Fv2%2Fcomments&post=9"}],"version-history":[{"count":11,"href":"https:\/\/site17.monsitecommeunpro.fr\/index.php?rest_route=\/wp\/v2\/pages\/9\/revisions"}],"predecessor-version":[{"id":127,"href":"https:\/\/site17.monsitecommeunpro.fr\/index.php?rest_route=\/wp\/v2\/pages\/9\/revisions\/127"}],"wp:attachment":[{"href":"https:\/\/site17.monsitecommeunpro.fr\/index.php?rest_route=%2Fwp%2Fv2%2Fmedia&parent=9"}],"curies":[{"name":"wp","href":"https:\/\/api.w.org\/{rel}","templated":true}]}}