{"id":135,"date":"2026-03-23T14:15:40","date_gmt":"2026-03-23T13:15:40","guid":{"rendered":"https:\/\/site17.monsitecommeunpro.fr\/?page_id=135"},"modified":"2026-03-23T14:25:32","modified_gmt":"2026-03-23T13:25:32","slug":"blog","status":"publish","type":"page","link":"https:\/\/site17.monsitecommeunpro.fr\/?page_id=135","title":{"rendered":"BLOG"},"content":{"rendered":"\n<h1 class=\"wp-block-heading\">D\u00e9couvrez nos 3 Circuits Exclusifs pour le S\u00e9jour au Verdon !<\/h1>\n\n\n\n<p class=\"has-black-color has-text-color has-link-color wp-elements-90486a0f1714d77c2573650afe798830\"><em>(Publi\u00e9 le, 15 avril)<\/em><\/p>\n\n\n\n<p class=\"has-black-color has-text-color has-link-color wp-elements-22cfb9708566d66db56e4c6bac38f2d6\">Le Verdon est le paradis des randonneurs. Que vous soyez un sportif aguerri ou que vous pr\u00e9f\u00e9riez une balade bucolique, notre \u00e9quipe a s\u00e9lectionn\u00e9 trois itin\u00e9raires spectaculaires pour satisfaire toutes les envies. Pour ce s\u00e9jour de l&rsquo;Ascension (14-17 mai), c&rsquo;est vous qui choisissez votre niveau de challenge !<\/p>\n\n\n\n<h3 class=\"wp-block-heading\">Circuit EXPERT : Le Sentier de l&rsquo;Imbut<\/h3>\n\n\n\n<p class=\"has-black-color has-text-color has-link-color wp-elements-d34a78a635e92abba993647ba040d0e9\">L&rsquo;aventure ultime. Ce sentier est situ\u00e9 au c\u0153ur m\u00eame des Gorges et est l&rsquo;un des parcours les plus c\u00e9l\u00e8bres et les plus ardus du canyon. Son nom, \u00ab entonnoir \u00bb, \u00e9voque l&rsquo;\u00e9troit du canyon o\u00f9 le Verdon se faufile sous des blocs rocheux.&nbsp;<strong>Le challenge :<\/strong>&nbsp;Un itin\u00e9raire sauvage, encaiss\u00e9 et tr\u00e8s min\u00e9ral, qui longe la rive gauche pour une immersion totale. R\u00e9serv\u00e9 aux randonneurs chevronn\u00e9s.<\/p>\n\n\n\n<h3 class=\"wp-block-heading\">Circuit D\u00c9BUTANT : Le Sentier Blanc Martel<\/h3>\n\n\n\n<p class=\"has-black-color has-text-color has-link-color wp-elements-feed33ec0c1e98b873937a669f4e8f16\">Le grand classique, revisit\u00e9. Ce sentier l\u00e9gendaire relie le Chalet de la Maline au Point Sublime (environ 15 \u00e0 16 km). Il offre des vues directes et spectaculaires sur le Verdon.&nbsp;<strong>Le challenge :<\/strong>&nbsp;Accessible \u00e0 toute personne en bonne condition physique, ce parcours alterne falaises, tunnels et escaliers pour une exp\u00e9rience inoubliable au fil de l&rsquo;eau. Le transport est facilit\u00e9 par une navette.<\/p>\n\n\n\n<h3 class=\"wp-block-heading\">Circuit LOISIR : Le Sentier Vidal<\/h3>\n\n\n\n<p class=\"has-black-color has-text-color has-link-color wp-elements-14016de2993bb9bb135d70b9ec346399\">La randonn\u00e9e d\u00e9tente. Con\u00e7u pour ceux qui veulent profiter de la beaut\u00e9 du paysage sans effort excessif, ce sentier est un hommage \u00e0 l&rsquo;ing\u00e9nieur ayant am\u00e9nag\u00e9 les Gorges au d\u00e9but du XXe si\u00e8cle.&nbsp;<strong>Le challenge :<\/strong>&nbsp;Un itin\u00e9raire plaisant qui rejoint le sentier de l&rsquo;Imbut, offrant un acc\u00e8s direct \u00e0 des zones de secours en cas de besoin. C&rsquo;est la randonn\u00e9e id\u00e9ale pour une d\u00e9couverte douce du canyon.<\/p>\n\n\n\n<p class=\"has-black-color has-text-color has-link-color wp-elements-3ea706c654290b32590921dedf6c81ef\">QUELQUES IMAGES POUR UN AVANT GO\u00dbT !!!<\/p>\n\n\n\n<figure class=\"wp-block-gallery has-nested-images columns-default is-cropped wp-block-gallery-1 is-layout-flex wp-block-gallery-is-layout-flex\">\n<figure class=\"wp-block-image size-large\"><img loading=\"lazy\" decoding=\"async\" width=\"768\" height=\"1024\" data-id=\"142\" src=\"https:\/\/site17.monsitecommeunpro.fr\/wp-content\/uploads\/2026\/03\/Aval-du-Styx-Imbut-768x1024.jpg\" alt=\"\" class=\"wp-image-142\" srcset=\"https:\/\/site17.monsitecommeunpro.fr\/wp-content\/uploads\/2026\/03\/Aval-du-Styx-Imbut-768x1024.jpg 768w, https:\/\/site17.monsitecommeunpro.fr\/wp-content\/uploads\/2026\/03\/Aval-du-Styx-Imbut-225x300.jpg 225w, https:\/\/site17.monsitecommeunpro.fr\/wp-content\/uploads\/2026\/03\/Aval-du-Styx-Imbut.jpg 850w\" sizes=\"auto, (max-width: 768px) 100vw, 768px\" \/><\/figure>\n\n\n\n<figure class=\"wp-block-image size-large\"><img loading=\"lazy\" decoding=\"async\" width=\"1000\" height=\"714\" data-id=\"143\" src=\"https:\/\/site17.monsitecommeunpro.fr\/wp-content\/uploads\/2026\/03\/Garde-Canal.jpg\" alt=\"\" class=\"wp-image-143\" srcset=\"https:\/\/site17.monsitecommeunpro.fr\/wp-content\/uploads\/2026\/03\/Garde-Canal.jpg 1000w, https:\/\/site17.monsitecommeunpro.fr\/wp-content\/uploads\/2026\/03\/Garde-Canal-300x214.jpg 300w, https:\/\/site17.monsitecommeunpro.fr\/wp-content\/uploads\/2026\/03\/Garde-Canal-768x548.jpg 768w\" sizes=\"auto, (max-width: 1000px) 100vw, 1000px\" \/><\/figure>\n\n\n\n<figure class=\"wp-block-image size-large\"><img loading=\"lazy\" decoding=\"async\" width=\"1024\" height=\"683\" data-id=\"144\" src=\"https:\/\/site17.monsitecommeunpro.fr\/wp-content\/uploads\/2026\/03\/Verdon_Gorge_1-1024x683.jpg\" alt=\"\" class=\"wp-image-144\" srcset=\"https:\/\/site17.monsitecommeunpro.fr\/wp-content\/uploads\/2026\/03\/Verdon_Gorge_1-1024x683.jpg 1024w, https:\/\/site17.monsitecommeunpro.fr\/wp-content\/uploads\/2026\/03\/Verdon_Gorge_1-300x200.jpg 300w, https:\/\/site17.monsitecommeunpro.fr\/wp-content\/uploads\/2026\/03\/Verdon_Gorge_1-768x512.jpg 768w, https:\/\/site17.monsitecommeunpro.fr\/wp-content\/uploads\/2026\/03\/Verdon_Gorge_1-1536x1024.jpg 1536w, https:\/\/site17.monsitecommeunpro.fr\/wp-content\/uploads\/2026\/03\/Verdon_Gorge_1-2048x1365.jpg 2048w\" sizes=\"auto, (max-width: 1024px) 100vw, 1024px\" \/><\/figure>\n<\/figure>\n\n\n\n<p><\/p>\n","protected":false},"excerpt":{"rendered":"<p>D\u00e9couvrez nos 3 Circuits Exclusifs pour le S\u00e9jour au Verdon ! (Publi\u00e9 le, 15 avril) Le Verdon est le paradis [&hellip;]<\/p>\n","protected":false},"author":1,"featured_media":0,"parent":0,"menu_order":0,"comment_status":"closed","ping_status":"closed","template":"","meta":{"site-sidebar-layout":"default","site-content-layout":"","ast-site-content-layout":"default","site-content-style":"default","site-sidebar-style":"default","ast-global-header-display":"","ast-banner-title-visibility":"","ast-main-header-display":"","ast-hfb-above-header-display":"","ast-hfb-below-header-display":"","ast-hfb-mobile-header-display":"","site-post-title":"disabled","ast-breadcrumbs-content":"","ast-featured-img":"","footer-sml-layout":"","theme-transparent-header-meta":"","adv-header-id-meta":"","stick-header-meta":"","header-above-stick-meta":"","header-main-stick-meta":"","header-below-stick-meta":"","astra-migrate-meta-layouts":"default","ast-page-background-enabled":"default","ast-page-background-meta":{"desktop":{"background-color":"var(--ast-global-color-5)","background-image":"","background-repeat":"repeat","background-position":"center center","background-size":"auto","background-attachment":"scroll","background-type":"","background-media":"","overlay-type":"","overlay-color":"","overlay-opacity":"","overlay-gradient":""},"tablet":{"background-color":"","background-image":"","background-repeat":"repeat","background-position":"center center","background-size":"auto","background-attachment":"scroll","background-type":"","background-media":"","overlay-type":"","overlay-color":"","overlay-opacity":"","overlay-gradient":""},"mobile":{"background-color":"","background-image":"","background-repeat":"repeat","background-position":"center center","background-size":"auto","background-attachment":"scroll","background-type":"","background-media":"","overlay-type":"","overlay-color":"","overlay-opacity":"","overlay-gradient":""}},"ast-content-background-meta":{"desktop":{"background-color":"var(--ast-global-color-4)","background-image":"","background-repeat":"repeat","background-position":"center center","background-size":"auto","background-attachment":"scroll","background-type":"","background-media":"","overlay-type":"","overlay-color":"","overlay-opacity":"","overlay-gradient":""},"tablet":{"background-color":"var(--ast-global-color-4)","background-image":"","background-repeat":"repeat","background-position":"center center","background-size":"auto","background-attachment":"scroll","background-type":"","background-media":"","overlay-type":"","overlay-color":"","overlay-opacity":"","overlay-gradient":""},"mobile":{"background-color":"var(--ast-global-color-4)","background-image":"","background-repeat":"repeat","background-position":"center center","background-size":"auto","background-attachment":"scroll","background-type":"","background-media":"","overlay-type":"","overlay-color":"","overlay-opacity":"","overlay-gradient":""}},"footnotes":""},"class_list":["post-135","page","type-page","status-publish","hentry"],"yoast_head":"<!-- This site is optimized with the Yoast SEO plugin v27.4 - https:\/\/yoast.com\/product\/yoast-seo-wordpress\/ -->\n<title>BLOG -<\/title>\n<meta name=\"robots\" content=\"index, follow, max-snippet:-1, max-image-preview:large, max-video-preview:-1\" \/>\n<link rel=\"canonical\" href=\"https:\/\/site17.monsitecommeunpro.fr\/?page_id=135\" \/>\n<meta property=\"og:locale\" content=\"fr_FR\" \/>\n<meta property=\"og:type\" content=\"article\" \/>\n<meta property=\"og:title\" content=\"BLOG -\" \/>\n<meta property=\"og:description\" content=\"D\u00e9couvrez nos 3 Circuits Exclusifs pour le S\u00e9jour au Verdon ! (Publi\u00e9 le, 15 avril) Le Verdon est le paradis [&hellip;]\" \/>\n<meta property=\"og:url\" content=\"https:\/\/site17.monsitecommeunpro.fr\/?page_id=135\" \/>\n<meta property=\"article:modified_time\" content=\"2026-03-23T13:25:32+00:00\" \/>\n<meta property=\"og:image\" content=\"https:\/\/site17.monsitecommeunpro.fr\/wp-content\/uploads\/2026\/03\/Aval-du-Styx-Imbut.jpg\" \/>\n\t<meta property=\"og:image:width\" content=\"850\" \/>\n\t<meta property=\"og:image:height\" content=\"1133\" \/>\n\t<meta property=\"og:image:type\" content=\"image\/jpeg\" \/>\n<meta name=\"twitter:card\" content=\"summary_large_image\" \/>\n<meta name=\"twitter:label1\" content=\"Dur\u00e9e de lecture estim\u00e9e\" \/>\n\t<meta name=\"twitter:data1\" content=\"2 minutes\" \/>\n<script type=\"application\/ld+json\" class=\"yoast-schema-graph\">{\"@context\":\"https:\\\/\\\/schema.org\",\"@graph\":[{\"@type\":\"WebPage\",\"@id\":\"https:\\\/\\\/site17.monsitecommeunpro.fr\\\/?page_id=135\",\"url\":\"https:\\\/\\\/site17.monsitecommeunpro.fr\\\/?page_id=135\",\"name\":\"BLOG -\",\"isPartOf\":{\"@id\":\"https:\\\/\\\/site17.monsitecommeunpro.fr\\\/#website\"},\"primaryImageOfPage\":{\"@id\":\"https:\\\/\\\/site17.monsitecommeunpro.fr\\\/?page_id=135#primaryimage\"},\"image\":{\"@id\":\"https:\\\/\\\/site17.monsitecommeunpro.fr\\\/?page_id=135#primaryimage\"},\"thumbnailUrl\":\"https:\\\/\\\/site17.monsitecommeunpro.fr\\\/wp-content\\\/uploads\\\/2026\\\/03\\\/Aval-du-Styx-Imbut-768x1024.jpg\",\"datePublished\":\"2026-03-23T13:15:40+00:00\",\"dateModified\":\"2026-03-23T13:25:32+00:00\",\"breadcrumb\":{\"@id\":\"https:\\\/\\\/site17.monsitecommeunpro.fr\\\/?page_id=135#breadcrumb\"},\"inLanguage\":\"fr-FR\",\"potentialAction\":[{\"@type\":\"ReadAction\",\"target\":[\"https:\\\/\\\/site17.monsitecommeunpro.fr\\\/?page_id=135\"]}]},{\"@type\":\"ImageObject\",\"inLanguage\":\"fr-FR\",\"@id\":\"https:\\\/\\\/site17.monsitecommeunpro.fr\\\/?page_id=135#primaryimage\",\"url\":\"https:\\\/\\\/site17.monsitecommeunpro.fr\\\/wp-content\\\/uploads\\\/2026\\\/03\\\/Aval-du-Styx-Imbut.jpg\",\"contentUrl\":\"https:\\\/\\\/site17.monsitecommeunpro.fr\\\/wp-content\\\/uploads\\\/2026\\\/03\\\/Aval-du-Styx-Imbut.jpg\",\"width\":850,\"height\":1133},{\"@type\":\"BreadcrumbList\",\"@id\":\"https:\\\/\\\/site17.monsitecommeunpro.fr\\\/?page_id=135#breadcrumb\",\"itemListElement\":[{\"@type\":\"ListItem\",\"position\":1,\"name\":\"Accueil\",\"item\":\"https:\\\/\\\/site17.monsitecommeunpro.fr\\\/\"},{\"@type\":\"ListItem\",\"position\":2,\"name\":\"BLOG\"}]},{\"@type\":\"WebSite\",\"@id\":\"https:\\\/\\\/site17.monsitecommeunpro.fr\\\/#website\",\"url\":\"https:\\\/\\\/site17.monsitecommeunpro.fr\\\/\",\"name\":\"\",\"description\":\"L&#039;\u00c9L\u00c9GANCE EN H\u00c9RITAGE\",\"potentialAction\":[{\"@type\":\"SearchAction\",\"target\":{\"@type\":\"EntryPoint\",\"urlTemplate\":\"https:\\\/\\\/site17.monsitecommeunpro.fr\\\/?s={search_term_string}\"},\"query-input\":{\"@type\":\"PropertyValueSpecification\",\"valueRequired\":true,\"valueName\":\"search_term_string\"}}],\"inLanguage\":\"fr-FR\"}]}<\/script>\n<!-- \/ Yoast SEO plugin. -->","yoast_head_json":{"title":"BLOG -","robots":{"index":"index","follow":"follow","max-snippet":"max-snippet:-1","max-image-preview":"max-image-preview:large","max-video-preview":"max-video-preview:-1"},"canonical":"https:\/\/site17.monsitecommeunpro.fr\/?page_id=135","og_locale":"fr_FR","og_type":"article","og_title":"BLOG -","og_description":"D\u00e9couvrez nos 3 Circuits Exclusifs pour le S\u00e9jour au Verdon ! (Publi\u00e9 le, 15 avril) Le Verdon est le paradis [&hellip;]","og_url":"https:\/\/site17.monsitecommeunpro.fr\/?page_id=135","article_modified_time":"2026-03-23T13:25:32+00:00","og_image":[{"width":850,"height":1133,"url":"https:\/\/site17.monsitecommeunpro.fr\/wp-content\/uploads\/2026\/03\/Aval-du-Styx-Imbut.jpg","type":"image\/jpeg"}],"twitter_card":"summary_large_image","twitter_misc":{"Dur\u00e9e de lecture estim\u00e9e":"2 minutes"},"schema":{"@context":"https:\/\/schema.org","@graph":[{"@type":"WebPage","@id":"https:\/\/site17.monsitecommeunpro.fr\/?page_id=135","url":"https:\/\/site17.monsitecommeunpro.fr\/?page_id=135","name":"BLOG -","isPartOf":{"@id":"https:\/\/site17.monsitecommeunpro.fr\/#website"},"primaryImageOfPage":{"@id":"https:\/\/site17.monsitecommeunpro.fr\/?page_id=135#primaryimage"},"image":{"@id":"https:\/\/site17.monsitecommeunpro.fr\/?page_id=135#primaryimage"},"thumbnailUrl":"https:\/\/site17.monsitecommeunpro.fr\/wp-content\/uploads\/2026\/03\/Aval-du-Styx-Imbut-768x1024.jpg","datePublished":"2026-03-23T13:15:40+00:00","dateModified":"2026-03-23T13:25:32+00:00","breadcrumb":{"@id":"https:\/\/site17.monsitecommeunpro.fr\/?page_id=135#breadcrumb"},"inLanguage":"fr-FR","potentialAction":[{"@type":"ReadAction","target":["https:\/\/site17.monsitecommeunpro.fr\/?page_id=135"]}]},{"@type":"ImageObject","inLanguage":"fr-FR","@id":"https:\/\/site17.monsitecommeunpro.fr\/?page_id=135#primaryimage","url":"https:\/\/site17.monsitecommeunpro.fr\/wp-content\/uploads\/2026\/03\/Aval-du-Styx-Imbut.jpg","contentUrl":"https:\/\/site17.monsitecommeunpro.fr\/wp-content\/uploads\/2026\/03\/Aval-du-Styx-Imbut.jpg","width":850,"height":1133},{"@type":"BreadcrumbList","@id":"https:\/\/site17.monsitecommeunpro.fr\/?page_id=135#breadcrumb","itemListElement":[{"@type":"ListItem","position":1,"name":"Accueil","item":"https:\/\/site17.monsitecommeunpro.fr\/"},{"@type":"ListItem","position":2,"name":"BLOG"}]},{"@type":"WebSite","@id":"https:\/\/site17.monsitecommeunpro.fr\/#website","url":"https:\/\/site17.monsitecommeunpro.fr\/","name":"","description":"L&#039;\u00c9L\u00c9GANCE EN H\u00c9RITAGE","potentialAction":[{"@type":"SearchAction","target":{"@type":"EntryPoint","urlTemplate":"https:\/\/site17.monsitecommeunpro.fr\/?s={search_term_string}"},"query-input":{"@type":"PropertyValueSpecification","valueRequired":true,"valueName":"search_term_string"}}],"inLanguage":"fr-FR"}]}},"_links":{"self":[{"href":"https:\/\/site17.monsitecommeunpro.fr\/index.php?rest_route=\/wp\/v2\/pages\/135","targetHints":{"allow":["GET"]}}],"collection":[{"href":"https:\/\/site17.monsitecommeunpro.fr\/index.php?rest_route=\/wp\/v2\/pages"}],"about":[{"href":"https:\/\/site17.monsitecommeunpro.fr\/index.php?rest_route=\/wp\/v2\/types\/page"}],"author":[{"embeddable":true,"href":"https:\/\/site17.monsitecommeunpro.fr\/index.php?rest_route=\/wp\/v2\/users\/1"}],"replies":[{"embeddable":true,"href":"https:\/\/site17.monsitecommeunpro.fr\/index.php?rest_route=%2Fwp%2Fv2%2Fcomments&post=135"}],"version-history":[{"count":2,"href":"https:\/\/site17.monsitecommeunpro.fr\/index.php?rest_route=\/wp\/v2\/pages\/135\/revisions"}],"predecessor-version":[{"id":145,"href":"https:\/\/site17.monsitecommeunpro.fr\/index.php?rest_route=\/wp\/v2\/pages\/135\/revisions\/145"}],"wp:attachment":[{"href":"https:\/\/site17.monsitecommeunpro.fr\/index.php?rest_route=%2Fwp%2Fv2%2Fmedia&parent=135"}],"curies":[{"name":"wp","href":"https:\/\/api.w.org\/{rel}","templated":true}]}}